{"id":1987,"date":"2026-02-02T16:57:00","date_gmt":"2026-02-02T16:57:00","guid":{"rendered":"https:\/\/asfarmadental.md\/?post_type=product&#038;p=1987"},"modified":"2026-03-23T09:23:00","modified_gmt":"2026-03-23T07:23:00","slug":"modelling-liquid-color","status":"publish","type":"product","link":"https:\/\/sigmadent.md\/ro\/produs\/modelling-liquid-color\/","title":{"rendered":"MODELLING LIQUID 50ML Color"},"content":{"rendered":"<p>SD Ceram Glaze Liquid este un lichid de glazurare utilizat \u00een laboratoarele de tehnic\u0103 dentar\u0103 pentru restaur\u0103ri din ceramic\u0103 \u0219i zirconiu (coroane, pun\u021bi etc.).<\/p>","protected":false},"excerpt":{"rendered":"<p>SD Ceram Glaze Liquid este un lichid de glazurare utilizat \u00een laboratoarele de tehnic\u0103 dentar\u0103 pentru restaur\u0103ri din ceramic\u0103 \u0219i zirconiu (coroane, pun\u021bi etc.).<\/p>","protected":false},"featured_media":1988,"comment_status":"open","ping_status":"closed","template":"","meta":{"_EventAllDay":false,"_EventTimezone":"","_EventStartDate":"","_EventEndDate":"","_EventStartDateUTC":"","_EventEndDateUTC":"","_EventShowMap":false,"_EventShowMapLink":false,"_EventURL":"","_EventCost":"","_EventCostDescription":"","_EventCurrencySymbol":"","_EventCurrencyCode":"","_EventCurrencyPosition":"","_EventDateTimeSeparator":"","_EventTimeRangeSeparator":"","_EventOrganizerID":[],"_EventVenueID":[],"_OrganizerEmail":"","_OrganizerPhone":"","_OrganizerWebsite":"","_VenueAddress":"","_VenueCity":"","_VenueCountry":"","_VenueProvince":"","_VenueState":"","_VenueZip":"","_VenuePhone":"","_VenueURL":"","_VenueStateProvince":"","_VenueLat":"","_VenueLng":"","_VenueShowMap":false,"_VenueShowMapLink":false,"_kadence_starter_templates_imported_post":false,"_kad_post_transparent":"default","_kad_post_title":"","_kad_post_layout":"default","_kad_post_sidebar_id":"","_kad_post_content_style":"default","_kad_post_vertical_padding":"default","_kad_post_feature":"","_kad_post_feature_position":"","_kad_post_header":false,"_kad_post_footer":false,"_kad_post_classname":""},"product_brand":[43],"product_cat":[111],"product_tag":[],"class_list":{"0":"post-1987","1":"product","2":"type-product","3":"status-publish","4":"has-post-thumbnail","6":"product_brand-sdceram","7":"product_cat-liquids","8":"pa_liquid_type-modeling-liquid","9":"pa_volume-50-ml","11":"first","12":"instock","13":"taxable","14":"shipping-taxable","15":"purchasable","16":"product-type-simple","17":"entry","18":"content-bg","19":"loop-entry"},"yoast_head":"<!-- This site is optimized with the Yoast SEO plugin v27.4 - https:\/\/yoast.com\/product\/yoast-seo-wordpress\/ -->\n<title>MODELLING LIQUID 50ML Color -<\/title>\n<meta name=\"robots\" content=\"index, follow, max-snippet:-1, max-image-preview:large, max-video-preview:-1\" \/>\n<link rel=\"canonical\" href=\"https:\/\/sigmadent.md\/ro\/produs\/modelling-liquid-color\/\" \/>\n<meta property=\"og:locale\" content=\"ro_RO\" \/>\n<meta property=\"og:type\" content=\"article\" \/>\n<meta property=\"og:title\" content=\"MODELLING LIQUID 50ML Color -\" \/>\n<meta property=\"og:description\" content=\"SD Ceram Glaze Liquid este un lichid de glazurare utilizat \u00een laboratoarele de tehnic\u0103 dentar\u0103 pentru restaur\u0103ri din ceramic\u0103 \u0219i zirconiu (coroane, pun\u021bi etc.).\" \/>\n<meta property=\"og:url\" content=\"https:\/\/sigmadent.md\/ro\/produs\/modelling-liquid-color\/\" \/>\n<meta property=\"article:publisher\" content=\"https:\/\/www.facebook.com\/asfarmamoldova\/\" \/>\n<meta property=\"article:modified_time\" content=\"2026-03-23T07:23:00+00:00\" \/>\n<meta property=\"og:image\" content=\"https:\/\/sigmadent.md\/wp-content\/uploads\/2026\/02\/MODELLING-LIQUID-COLOR-50ML.jpg\" \/>\n\t<meta property=\"og:image:width\" content=\"404\" \/>\n\t<meta property=\"og:image:height\" content=\"466\" \/>\n\t<meta property=\"og:image:type\" content=\"image\/jpeg\" \/>\n<meta name=\"twitter:card\" content=\"summary_large_image\" \/>\n<script type=\"application\/ld+json\" class=\"yoast-schema-graph\">{\"@context\":\"https:\\\/\\\/schema.org\",\"@graph\":[{\"@type\":\"WebPage\",\"@id\":\"https:\\\/\\\/sigmadent.md\\\/product\\\/modelling-liquid-color\\\/\",\"url\":\"https:\\\/\\\/sigmadent.md\\\/product\\\/modelling-liquid-color\\\/\",\"name\":\"MODELLING LIQUID 50ML Color -\",\"isPartOf\":{\"@id\":\"https:\\\/\\\/sigmadent.md\\\/#website\"},\"primaryImageOfPage\":{\"@id\":\"https:\\\/\\\/sigmadent.md\\\/product\\\/modelling-liquid-color\\\/#primaryimage\"},\"image\":{\"@id\":\"https:\\\/\\\/sigmadent.md\\\/product\\\/modelling-liquid-color\\\/#primaryimage\"},\"thumbnailUrl\":\"https:\\\/\\\/sigmadent.md\\\/wp-content\\\/uploads\\\/2026\\\/02\\\/MODELLING-LIQUID-COLOR-50ML.jpg\",\"datePublished\":\"2026-02-02T16:57:00+00:00\",\"dateModified\":\"2026-03-23T07:23:00+00:00\",\"breadcrumb\":{\"@id\":\"https:\\\/\\\/sigmadent.md\\\/product\\\/modelling-liquid-color\\\/#breadcrumb\"},\"inLanguage\":\"ro-RO\",\"potentialAction\":[{\"@type\":\"ReadAction\",\"target\":[\"https:\\\/\\\/sigmadent.md\\\/product\\\/modelling-liquid-color\\\/\"]}]},{\"@type\":\"ImageObject\",\"inLanguage\":\"ro-RO\",\"@id\":\"https:\\\/\\\/sigmadent.md\\\/product\\\/modelling-liquid-color\\\/#primaryimage\",\"url\":\"https:\\\/\\\/sigmadent.md\\\/wp-content\\\/uploads\\\/2026\\\/02\\\/MODELLING-LIQUID-COLOR-50ML.jpg\",\"contentUrl\":\"https:\\\/\\\/sigmadent.md\\\/wp-content\\\/uploads\\\/2026\\\/02\\\/MODELLING-LIQUID-COLOR-50ML.jpg\",\"width\":404,\"height\":466},{\"@type\":\"BreadcrumbList\",\"@id\":\"https:\\\/\\\/sigmadent.md\\\/product\\\/modelling-liquid-color\\\/#breadcrumb\",\"itemListElement\":[{\"@type\":\"ListItem\",\"position\":1,\"name\":\"Home\",\"item\":\"https:\\\/\\\/sigmadent.md\\\/\"},{\"@type\":\"ListItem\",\"position\":2,\"name\":\"Shop\",\"item\":\"https:\\\/\\\/sigmadent.md\\\/shop-2\\\/\"},{\"@type\":\"ListItem\",\"position\":3,\"name\":\"MODELLING LIQUID 50ML Color\"}]},{\"@type\":\"WebSite\",\"@id\":\"https:\\\/\\\/sigmadent.md\\\/#website\",\"url\":\"https:\\\/\\\/sigmadent.md\\\/\",\"name\":\"sigmadent.md\",\"description\":\"\",\"publisher\":{\"@id\":\"https:\\\/\\\/sigmadent.md\\\/#organization\"},\"potentialAction\":[{\"@type\":\"SearchAction\",\"target\":{\"@type\":\"EntryPoint\",\"urlTemplate\":\"https:\\\/\\\/sigmadent.md\\\/?s={search_term_string}\"},\"query-input\":{\"@type\":\"PropertyValueSpecification\",\"valueRequired\":true,\"valueName\":\"search_term_string\"}}],\"inLanguage\":\"ro-RO\"},{\"@type\":\"Organization\",\"@id\":\"https:\\\/\\\/sigmadent.md\\\/#organization\",\"name\":\"Asfarma moldova sigmadent\",\"url\":\"https:\\\/\\\/sigmadent.md\\\/\",\"logo\":{\"@type\":\"ImageObject\",\"inLanguage\":\"ro-RO\",\"@id\":\"https:\\\/\\\/sigmadent.md\\\/#\\\/schema\\\/logo\\\/image\\\/\",\"url\":\"https:\\\/\\\/sigmadent.md\\\/wp-content\\\/uploads\\\/2026\\\/03\\\/cropped-sigmadent-1.jpg\",\"contentUrl\":\"https:\\\/\\\/sigmadent.md\\\/wp-content\\\/uploads\\\/2026\\\/03\\\/cropped-sigmadent-1.jpg\",\"width\":409,\"height\":71,\"caption\":\"Asfarma moldova sigmadent\"},\"image\":{\"@id\":\"https:\\\/\\\/sigmadent.md\\\/#\\\/schema\\\/logo\\\/image\\\/\"},\"sameAs\":[\"https:\\\/\\\/www.facebook.com\\\/asfarmamoldova\\\/\",\"https:\\\/\\\/www.instagram.com\\\/asfarmamoldova\"]}]}<\/script>\n<!-- \/ Yoast SEO plugin. -->","yoast_head_json":{"title":"MODELLING LIQUID 50ML Color -","robots":{"index":"index","follow":"follow","max-snippet":"max-snippet:-1","max-image-preview":"max-image-preview:large","max-video-preview":"max-video-preview:-1"},"canonical":"https:\/\/sigmadent.md\/ro\/produs\/modelling-liquid-color\/","og_locale":"ro_RO","og_type":"article","og_title":"MODELLING LIQUID 50ML Color -","og_description":"SD Ceram Glaze Liquid este un lichid de glazurare utilizat \u00een laboratoarele de tehnic\u0103 dentar\u0103 pentru restaur\u0103ri din ceramic\u0103 \u0219i zirconiu (coroane, pun\u021bi etc.).","og_url":"https:\/\/sigmadent.md\/ro\/produs\/modelling-liquid-color\/","article_publisher":"https:\/\/www.facebook.com\/asfarmamoldova\/","article_modified_time":"2026-03-23T07:23:00+00:00","og_image":[{"width":404,"height":466,"url":"https:\/\/sigmadent.md\/wp-content\/uploads\/2026\/02\/MODELLING-LIQUID-COLOR-50ML.jpg","type":"image\/jpeg"}],"twitter_card":"summary_large_image","schema":{"@context":"https:\/\/schema.org","@graph":[{"@type":"WebPage","@id":"https:\/\/sigmadent.md\/product\/modelling-liquid-color\/","url":"https:\/\/sigmadent.md\/product\/modelling-liquid-color\/","name":"MODELLING LIQUID 50ML Color -","isPartOf":{"@id":"https:\/\/sigmadent.md\/#website"},"primaryImageOfPage":{"@id":"https:\/\/sigmadent.md\/product\/modelling-liquid-color\/#primaryimage"},"image":{"@id":"https:\/\/sigmadent.md\/product\/modelling-liquid-color\/#primaryimage"},"thumbnailUrl":"https:\/\/sigmadent.md\/wp-content\/uploads\/2026\/02\/MODELLING-LIQUID-COLOR-50ML.jpg","datePublished":"2026-02-02T16:57:00+00:00","dateModified":"2026-03-23T07:23:00+00:00","breadcrumb":{"@id":"https:\/\/sigmadent.md\/product\/modelling-liquid-color\/#breadcrumb"},"inLanguage":"ro-RO","potentialAction":[{"@type":"ReadAction","target":["https:\/\/sigmadent.md\/product\/modelling-liquid-color\/"]}]},{"@type":"ImageObject","inLanguage":"ro-RO","@id":"https:\/\/sigmadent.md\/product\/modelling-liquid-color\/#primaryimage","url":"https:\/\/sigmadent.md\/wp-content\/uploads\/2026\/02\/MODELLING-LIQUID-COLOR-50ML.jpg","contentUrl":"https:\/\/sigmadent.md\/wp-content\/uploads\/2026\/02\/MODELLING-LIQUID-COLOR-50ML.jpg","width":404,"height":466},{"@type":"BreadcrumbList","@id":"https:\/\/sigmadent.md\/product\/modelling-liquid-color\/#breadcrumb","itemListElement":[{"@type":"ListItem","position":1,"name":"Home","item":"https:\/\/sigmadent.md\/"},{"@type":"ListItem","position":2,"name":"Shop","item":"https:\/\/sigmadent.md\/shop-2\/"},{"@type":"ListItem","position":3,"name":"MODELLING LIQUID 50ML Color"}]},{"@type":"WebSite","@id":"https:\/\/sigmadent.md\/#website","url":"https:\/\/sigmadent.md\/","name":"sigmadent.md","description":"","publisher":{"@id":"https:\/\/sigmadent.md\/#organization"},"potentialAction":[{"@type":"SearchAction","target":{"@type":"EntryPoint","urlTemplate":"https:\/\/sigmadent.md\/?s={search_term_string}"},"query-input":{"@type":"PropertyValueSpecification","valueRequired":true,"valueName":"search_term_string"}}],"inLanguage":"ro-RO"},{"@type":"Organization","@id":"https:\/\/sigmadent.md\/#organization","name":"Asfarma moldova sigmadent","url":"https:\/\/sigmadent.md\/","logo":{"@type":"ImageObject","inLanguage":"ro-RO","@id":"https:\/\/sigmadent.md\/#\/schema\/logo\/image\/","url":"https:\/\/sigmadent.md\/wp-content\/uploads\/2026\/03\/cropped-sigmadent-1.jpg","contentUrl":"https:\/\/sigmadent.md\/wp-content\/uploads\/2026\/03\/cropped-sigmadent-1.jpg","width":409,"height":71,"caption":"Asfarma moldova sigmadent"},"image":{"@id":"https:\/\/sigmadent.md\/#\/schema\/logo\/image\/"},"sameAs":["https:\/\/www.facebook.com\/asfarmamoldova\/","https:\/\/www.instagram.com\/asfarmamoldova"]}]}},"jetpack_sharing_enabled":true,"_links":{"self":[{"href":"https:\/\/sigmadent.md\/ro\/wp-json\/wp\/v2\/product\/1987","targetHints":{"allow":["GET"]}}],"collection":[{"href":"https:\/\/sigmadent.md\/ro\/wp-json\/wp\/v2\/product"}],"about":[{"href":"https:\/\/sigmadent.md\/ro\/wp-json\/wp\/v2\/types\/product"}],"replies":[{"embeddable":true,"href":"https:\/\/sigmadent.md\/ro\/wp-json\/wp\/v2\/comments?post=1987"}],"wp:featuredmedia":[{"embeddable":true,"href":"https:\/\/sigmadent.md\/ro\/wp-json\/wp\/v2\/media\/1988"}],"wp:attachment":[{"href":"https:\/\/sigmadent.md\/ro\/wp-json\/wp\/v2\/media?parent=1987"}],"wp:term":[{"taxonomy":"product_brand","embeddable":true,"href":"https:\/\/sigmadent.md\/ro\/wp-json\/wp\/v2\/product_brand?post=1987"},{"taxonomy":"product_cat","embeddable":true,"href":"https:\/\/sigmadent.md\/ro\/wp-json\/wp\/v2\/product_cat?post=1987"},{"taxonomy":"product_tag","embeddable":true,"href":"https:\/\/sigmadent.md\/ro\/wp-json\/wp\/v2\/product_tag?post=1987"}],"curies":[{"name":"wp","href":"https:\/\/api.w.org\/{rel}","templated":true}]}}